{"id":1821,"date":"2020-04-07T11:34:16","date_gmt":"2020-04-07T09:34:16","guid":{"rendered":"http:\/\/tsrow.pl\/?page_id=1821"},"modified":"2020-05-25T09:46:13","modified_gmt":"2020-05-25T07:46:13","slug":"klub-pilkarski-kobiet","status":"publish","type":"page","link":"http:\/\/tsrow.pl\/index.php\/klub-pilkarski-kobiet\/","title":{"rendered":"o nas"},"content":{"rendered":"<div class=\"default-style\">Jeste\u015bmy klubem pi\u0142karskim kobiet . W roku 2020 obchodzimy 5 lecie powstania naszej inicjatywy .<\/div>\n<div>&nbsp;<\/div>\n<div class=\"default-style\">W ci\u0105gu tych lat przez klub przewin\u0119\u0142o si\u0119 blisko 200 zawodniczek, kt\u00f3re mia\u0142y wp\u0142yw na nasz rozw\u00f3j.<\/div>\n<div>&nbsp;<\/div>\n<div class=\"default-style\">Od pocz\u0105tku stawiali\u015bmy sobie ambitne cele tak sportowe jak i wychowawcze. Celem by\u0142 awans sportowy, ale r\u00f3wnie\u017c szkolenie i wychowywanie m\u0142odych dziewcz\u0105t.<\/div>\n<div>&nbsp;<\/div>\n<div class=\"default-style\">Od pocz\u0105tku istnia\u0142 zesp\u00f3\u0142 seniorek, ale te\u017c dru\u017cyny dzieci i m\u0142odzie\u017cy .<\/div>\n<div>&nbsp;<\/div>\n<div class=\"default-style\">Pierwszy zesp\u00f3\u0142 od 2016\/2017 co roku wygrywa\u0142 kolejno III, II lig\u0119. W ubieg\u0142ym roku zatrzymali\u015bmy si\u0119 na pierwszej, ale w tym roku&nbsp; od pocz\u0105tku byli\u015bmy&nbsp; liderem&nbsp; i dopieli\u015bmy tego&nbsp; , co by\u0142o naszym celem od pocz\u0105tku, czyli&nbsp; awans do ekstraligi.<\/div>\n<div>&nbsp;<\/div>\n<div class=\"default-style\">R\u00f3wnocze\u015bnie zim\u0105 gramy na hali w futsal . W tym czasie zdobyli\u015bmy Mistrzostwo Polski dwa lata temu. W pierwszym sezonie zdobylismy br\u0105zowy Medal MP . W zesz\u0142ym roku zajeli\u015bmy 6 miejsce w lidze, co spowodowa\u0142o spadek do I ligi futsalu. W tym roku byli\u015bmy najlepsi na zapleczu i ponownie awansowali\u015bmy do najwy\u017cszej klasy rozgrywkowej.<\/div>\n<div>&nbsp;<\/div>\n<div class=\"default-style\">M\u0142odzie\u017c te\u017c od pocz\u0105tku zdobywa laury. W 2017 juniorku U14 zdoby\u0142y br\u0105zowy medal na fali.<\/div>\n<div>&nbsp;<\/div>\n<div class=\"default-style\">Rok p\u00f3\u017aniej juniorki u16 zdoby\u0142y br\u0105z na trawie.<\/div>\n<div>&nbsp;<\/div>\n<div class=\"default-style\">Efektem szkolenia s\u0105 coroczne medale Mistrzostw \u015al\u0105ska m\u0142odziczek. Dwa razy srebro, dwa razy br\u0105z.<\/div>\n","protected":false},"excerpt":{"rendered":"<p>Jeste\u015bmy klubem pi\u0142karskim kobiet . W roku 2020 obchodzimy 5 lecie powstania naszej inicjatywy . &nbsp; W ci\u0105gu tych lat przez klub przewin\u0119\u0142o si\u0119 blisko 200 zawodniczek, kt\u00f3re mia\u0142y wp\u0142yw na nasz rozw\u00f3j. &nbsp; Od pocz\u0105tku stawiali\u015bmy sobie ambitne cele tak sportowe jak i wychowawcze. Celem by\u0142 awans sportowy, ale r\u00f3wnie\u017c szkolenie i wychowywanie m\u0142odych [&hellip;]<\/p>\n","protected":false},"author":1,"featured_media":0,"parent":0,"menu_order":0,"comment_status":"closed","ping_status":"closed","template":"","meta":[],"_links":{"self":[{"href":"http:\/\/tsrow.pl\/index.php\/wp-json\/wp\/v2\/pages\/1821"}],"collection":[{"href":"http:\/\/tsrow.pl\/index.php\/wp-json\/wp\/v2\/pages"}],"about":[{"href":"http:\/\/tsrow.pl\/index.php\/wp-json\/wp\/v2\/types\/page"}],"author":[{"embeddable":true,"href":"http:\/\/tsrow.pl\/index.php\/wp-json\/wp\/v2\/users\/1"}],"replies":[{"embeddable":true,"href":"http:\/\/tsrow.pl\/index.php\/wp-json\/wp\/v2\/comments?post=1821"}],"version-history":[{"count":5,"href":"http:\/\/tsrow.pl\/index.php\/wp-json\/wp\/v2\/pages\/1821\/revisions"}],"predecessor-version":[{"id":1837,"href":"http:\/\/tsrow.pl\/index.php\/wp-json\/wp\/v2\/pages\/1821\/revisions\/1837"}],"wp:attachment":[{"href":"http:\/\/tsrow.pl\/index.php\/wp-json\/wp\/v2\/media?parent=1821"}],"curies":[{"name":"wp","href":"https:\/\/api.w.org\/{rel}","templated":true}]}}